{"id":7,"date":"2012-12-04T18:05:42","date_gmt":"2012-12-04T18:05:42","guid":{"rendered":"http:\/\/modernist.umbrella.al\/?page_id=7"},"modified":"2020-04-02T20:55:05","modified_gmt":"2020-04-02T20:55:05","slug":"uber-uns","status":"publish","type":"page","link":"https:\/\/yonteknikyapi.com\/de\/uber-uns\/","title":{"rendered":"\u00dcBER UNS"},"content":{"rendered":"<section class=\"about  \">\n<div class=\"container\">\n<p class=\"entry\"><span style=\"color: inherit; font-size: 1.56em;\">Statische Statik von Architektur und der Dynamik betroffen sind, k\u00f6nnen sehen, wie ein team, das \u00fcberrascht, der Geist der&#8230;<\/span><span class=\"text-primary\" style=\"color: inherit; font-size: 1.56em;\">&#8230;<\/span><\/p>\n<hr \/>\n<\/div>\n<\/section>\n<div class=\"vc_row wpb_row vc_inner vc_row-fluid container\">\n<div class=\"wpb_column vc_column_container vc_col-sm-12\">\n<div class=\"vc_column-inner \">\n<div class=\"wpb_wrapper\">\n<div class=\"wpb_text_column wpb_content_element  entry\">\n<div class=\"wpb_wrapper\">\n<p>Die Alpha-Gruppe von der UN-Arbeitsorganisation International Labour aus der Vergangenheit sammeln, und diese Ansammlung um einen Unterschied in den Auswirkungen der Bauwirtschaft in der Bauwirtschaft im Jahr 2013 eingegeben haben. Starkes Wachstum im Jahr 2015 mit dem Ziel, die Richtung f\u00fcr die Umsetzung von nationalen und internationalen Bauvorhaben, technische Construction Inc. es wurde gegr\u00fcndet.<\/p>\n<p>Denn wir haben eine Gesch\u00e4ftsbeziehung, die auf Vertrauen basieren, mit allen unseren Gesch\u00e4ftspartnern Arbeit mit unseren \u201emachen Sie das beste aus der not heraus\u201c \u2013 Prinzip, wurde erstellt mit einer Struktur.<\/p>\n<p>Das Land die erste urbane Transformations-Projekten sind Sie mit der Arbeit beginnen mit der technischen Struktur der Richtung der letzten 30 Jahre und hat Erfahrung in gro\u00dfen und wichtigen Projekte im Ausland Freiwilligen trafen sich mit den Ingenieuren auf die wichtigsten Projekte waren ge\u00f6ffnet f\u00fcr die Signatur.<br \/>\nLeitung der technischen Struktur, erzeugt ein top-level-engineering-business-Partnerschaften, die umfassende Qualit\u00e4t die Obere Struktur und die untere Struktur der Bau-Projekte-Wirtschaft-das festhalten an objektiven Parametern, turn-key mit der Kraft und Geschicklichkeit in der Lage sein, um eine formation.<\/p>\n<p>Unser gr\u00fcndungsvorsitzender Herr M. Shafiq zuk\u00fcnftige Richtungen die folgenden S\u00e4tze mit der Hoffnung, Yi beschreibt die technische Struktur der Richtung installiert wird, auf dem Boot;<\/p>\n<p>\u201aEr hat dem Menschen die Pflicht gegeben, die Erde wieder aufzubauen. Da wir uns dieser Aufgabe bewusst sind, haben wir unsere Aufgabe wahrgenommen und ein Team zusammengestellt, das mit Wissen und Erfahrung ausgestattet ist, um zur Entwicklung der Erde beizutragen. Wir haben Werke geschaffen, die der Menschheit zugute kommen, und wir tun dies auch weiterhin.\u2018<\/p>\n<\/div>\n<\/div>\n<\/div>\n<\/div>\n<\/div>\n<\/div>\n","protected":false},"excerpt":{"rendered":"<p>Statische Statik von Architektur und der Dynamik betroffen sind, k\u00f6nnen sehen, wie ein team, das \u00fcberrascht, der Geist der&#8230;&#8230; Die Alpha-Gruppe von der UN-Arbeitsorganisation International Labour aus der Vergangenheit sammeln, und diese Ansammlung um einen Unterschied in den Auswirkungen der Bauwirtschaft in der Bauwirtschaft im Jahr 2013 eingegeben haben. Starkes Wachstum im Jahr 2015 mit [&hellip;]<\/p>\n","protected":false},"author":1,"featured_media":0,"parent":0,"menu_order":0,"comment_status":"open","ping_status":"closed","template":"","meta":{"footnotes":""},"_links":{"self":[{"href":"https:\/\/yonteknikyapi.com\/de\/wp-json\/wp\/v2\/pages\/7"}],"collection":[{"href":"https:\/\/yonteknikyapi.com\/de\/wp-json\/wp\/v2\/pages"}],"about":[{"href":"https:\/\/yonteknikyapi.com\/de\/wp-json\/wp\/v2\/types\/page"}],"author":[{"embeddable":true,"href":"https:\/\/yonteknikyapi.com\/de\/wp-json\/wp\/v2\/users\/1"}],"replies":[{"embeddable":true,"href":"https:\/\/yonteknikyapi.com\/de\/wp-json\/wp\/v2\/comments?post=7"}],"version-history":[{"count":3,"href":"https:\/\/yonteknikyapi.com\/de\/wp-json\/wp\/v2\/pages\/7\/revisions"}],"predecessor-version":[{"id":3383,"href":"https:\/\/yonteknikyapi.com\/de\/wp-json\/wp\/v2\/pages\/7\/revisions\/3383"}],"wp:attachment":[{"href":"https:\/\/yonteknikyapi.com\/de\/wp-json\/wp\/v2\/media?parent=7"}],"curies":[{"name":"wp","href":"https:\/\/api.w.org\/{rel}","templated":true}]}}