{"id":7,"date":"2012-12-04T18:05:42","date_gmt":"2012-12-04T18:05:42","guid":{"rendered":"http:\/\/modernist.umbrella.al\/?page_id=7"},"modified":"2020-04-02T20:50:35","modified_gmt":"2020-04-02T20:50:35","slug":"hakkimizda","status":"publish","type":"page","link":"https:\/\/yonteknikyapi.com\/en\/hakkimizda\/","title":{"rendered":"ABOUT US"},"content":{"rendered":"<section class=\"about  \">\n<div class=\"container\">\n<div class=\"entry\">\n<h5 class=\"entry-title\">The team spirit which sees how the static is influenced by the dynamic and how the dynamic is astonished by the architecture<span class=\"text-primary\">&#8230;<\/span><\/h5>\n<hr>\n<\/div>\n<\/div>\n<\/section>\n<div class=\"vc_row wpb_row vc_inner vc_row-fluid container\">\n<div class=\"wpb_column vc_column_container vc_col-sm-12\">\n<div class=\"vc_column-inner \">\n<div class=\"wpb_wrapper\">\n<div class=\"wpb_text_column wpb_content_element  entry\">\n<div class=\"wpb_wrapper\">\n<p class=\"container\">\n<div class=\"entry\">\n<p class=\"entry-text\"><span style=\"font-size: inherit;\">Alpha Group entered the construction sector in 2013 in order to be able to make a difference in the construction sector by influencing accumulation which gathered from its working history in the international field. <\/span>Y\u00d6N TECHNICAL STRUCTURE Inc<span style=\"font-size: inherit;\">. was established in 2015 with a strong growth target for the realization of domestic and international construction projects.<\/span><\/p>\n<\/div>\n<div class=\"vc_row wpb_row vc_inner vc_row-fluid container\">\n<div class=\"wpb_column vc_column_container vc_col-sm-12\">\n<div class=\"vc_column-inner \">\n<div class=\"wpb_wrapper\">\n<div class=\"wpb_text_column wpb_content_element  entry\">\n<div class=\"wpb_wrapper\">\n<div class=\"page\" title=\"Page 1\">\n<div class=\"layoutArea\">\n<div class=\"column\">\n<p>Since we have a commercial relationship based on trust with all of our business partners, our work is based on the principle of \u201cmaking what needed to be done in the best way possible\u201d.<\/p>\n<p>Y\u00d6N TECHNICAL STRUCTURE started to work with urban transformation projects firstly in Turkey and opened to abroad as working with aspiring engineers having experience of over 30 years and those who have signatures on major projects.<\/p>\n<p>Y\u00d6N TECHNICAL STRUCTURE is formed with high-level engineering partnerships and the ability to make deliveries of keys by adhering to the quality-economy-purpose parameters of the construction projects of comprehensive upper structures and sub-structures.<\/p>\n<p>Our founder and chairman of the board Mr. M. \u015eefik Y\u00d6N explains Y\u00d6N TECHNICAL STRUCTURE which will be the hopeful booth of the future, with the following statements:<\/p>\n<p>\u201d Humanity has been given the task of building the earth. We have undertaken our duty with the recognition of this mission and have set up a team equipped with knowledge and experience to contribute to the reconstruction of the earth. We have made pieces that benefit humanity and we continue to do so.\u201d<\/p>\n<\/div>\n<\/div>\n<\/div>\n<\/div>\n<\/div>\n<\/div>\n<\/div>\n<\/div>\n<\/div>\n<\/div>\n<\/div>\n<\/div>\n<\/div>\n<\/div>\n<\/div>\n","protected":false},"excerpt":{"rendered":"<p>The team spirit which sees how the static is influenced by the dynamic and how the dynamic is astonished by the architecture&#8230; Alpha Group entered the construction sector in 2013 in order to be able to make a difference in the construction sector by influencing accumulation which gathered from its working history in the international [&hellip;]<\/p>\n","protected":false},"author":1,"featured_media":0,"parent":0,"menu_order":0,"comment_status":"open","ping_status":"closed","template":"","meta":{"footnotes":""},"_links":{"self":[{"href":"https:\/\/yonteknikyapi.com\/en\/wp-json\/wp\/v2\/pages\/7"}],"collection":[{"href":"https:\/\/yonteknikyapi.com\/en\/wp-json\/wp\/v2\/pages"}],"about":[{"href":"https:\/\/yonteknikyapi.com\/en\/wp-json\/wp\/v2\/types\/page"}],"author":[{"embeddable":true,"href":"https:\/\/yonteknikyapi.com\/en\/wp-json\/wp\/v2\/users\/1"}],"replies":[{"embeddable":true,"href":"https:\/\/yonteknikyapi.com\/en\/wp-json\/wp\/v2\/comments?post=7"}],"version-history":[{"count":10,"href":"https:\/\/yonteknikyapi.com\/en\/wp-json\/wp\/v2\/pages\/7\/revisions"}],"predecessor-version":[{"id":3407,"href":"https:\/\/yonteknikyapi.com\/en\/wp-json\/wp\/v2\/pages\/7\/revisions\/3407"}],"wp:attachment":[{"href":"https:\/\/yonteknikyapi.com\/en\/wp-json\/wp\/v2\/media?parent=7"}],"curies":[{"name":"wp","href":"https:\/\/api.w.org\/{rel}","templated":true}]}}